{"id":62,"date":"2017-09-06T23:29:02","date_gmt":"2017-09-06T21:29:02","guid":{"rendered":"http:\/\/daniflaco.es\/?page_id=62"},"modified":"2026-03-09T11:10:24","modified_gmt":"2026-03-09T10:10:24","slug":"inicio","status":"publish","type":"page","link":"http:\/\/daniflaco.es\/","title":{"rendered":"INICIO"},"content":{"rendered":"<p><span style=\"color: #000000;\"><strong>DANI FLACO CELEBRA LOS 20 A\u00d1OS DE LA PUBLICACI\u00d3N DE SU PRIMER DISCO \u00abSALIDA DE EMERGENCIA\u00bb CON UNA GIRA CONMEMORATIVA. NO TE LA PIERDAS. TODAS LAS FECHAS Y ENTRADAS EN LA PESTA\u00d1A \u00abCONCIERTOS\u00bb.<\/strong><\/span><\/p>\n<p><a href=\"http:\/\/daniflaco.es\/wp-content\/uploads\/2026\/03\/GIRA-20-ANOS-scaled.jpg\"><img loading=\"lazy\" decoding=\"async\" class=\"alignnone  wp-image-8902\" src=\"http:\/\/daniflaco.es\/wp-content\/uploads\/2026\/03\/GIRA-20-ANOS-scaled.jpg\" alt=\"\" width=\"681\" height=\"677\" srcset=\"http:\/\/daniflaco.es\/wp-content\/uploads\/2026\/03\/GIRA-20-ANOS-scaled.jpg 2560w, http:\/\/daniflaco.es\/wp-content\/uploads\/2026\/03\/GIRA-20-ANOS-300x298.jpg 300w, http:\/\/daniflaco.es\/wp-content\/uploads\/2026\/03\/GIRA-20-ANOS-1024x1018.jpg 1024w, http:\/\/daniflaco.es\/wp-content\/uploads\/2026\/03\/GIRA-20-ANOS-150x150.jpg 150w, http:\/\/daniflaco.es\/wp-content\/uploads\/2026\/03\/GIRA-20-ANOS-768x764.jpg 768w, http:\/\/daniflaco.es\/wp-content\/uploads\/2026\/03\/GIRA-20-ANOS-1536x1527.jpg 1536w, http:\/\/daniflaco.es\/wp-content\/uploads\/2026\/03\/GIRA-20-ANOS-2048x2037.jpg 2048w, http:\/\/daniflaco.es\/wp-content\/uploads\/2026\/03\/GIRA-20-ANOS-90x90.jpg 90w\" sizes=\"(max-width: 681px) 100vw, 681px\" \/><\/a><\/p>\n<p><span style=\"color: #000000;\"><strong>YA HA VISTO LA LUZ <em>\u00abPAR\u00cdS 21\u00bb,<\/em> EL 9\u00ba TRABAJO DISCOGR\u00c1FICO DE DANI FLACO.<\/strong><\/span><\/p>\n<p><span style=\"color: #000000;\"><strong>ESC\u00daCHALO PINCHANDO EN LA FOTO DE LA PORTADA DEL DISCO.<\/strong><\/span><\/p>\n<p><a href=\"https:\/\/open.spotify.com\/intl-es\/album\/19ec6HzFEOByVQ5jA82d7z?si=rZWRJX5sTYiWQphWEIF1IQ\"><img loading=\"lazy\" decoding=\"async\" class=\"alignnone  wp-image-8815\" src=\"http:\/\/daniflaco.es\/wp-content\/uploads\/2024\/10\/Portada-Paris-21.jpg\" alt=\"\" width=\"674\" height=\"674\" srcset=\"http:\/\/daniflaco.es\/wp-content\/uploads\/2024\/10\/Portada-Paris-21.jpg 2048w, http:\/\/daniflaco.es\/wp-content\/uploads\/2024\/10\/Portada-Paris-21-300x300.jpg 300w, http:\/\/daniflaco.es\/wp-content\/uploads\/2024\/10\/Portada-Paris-21-1024x1024.jpg 1024w, http:\/\/daniflaco.es\/wp-content\/uploads\/2024\/10\/Portada-Paris-21-150x150.jpg 150w, http:\/\/daniflaco.es\/wp-content\/uploads\/2024\/10\/Portada-Paris-21-768x768.jpg 768w, http:\/\/daniflaco.es\/wp-content\/uploads\/2024\/10\/Portada-Paris-21-1536x1536.jpg 1536w, http:\/\/daniflaco.es\/wp-content\/uploads\/2024\/10\/Portada-Paris-21-650x650.jpg 650w, http:\/\/daniflaco.es\/wp-content\/uploads\/2024\/10\/Portada-Paris-21-350x350.jpg 350w, http:\/\/daniflaco.es\/wp-content\/uploads\/2024\/10\/Portada-Paris-21-90x90.jpg 90w\" sizes=\"(max-width: 674px) 100vw, 674px\" \/><\/a><\/p>\n<p><span style=\"color: #000000;\"><strong>YA EST\u00c1N A LA VENTA LAS ENTRADAS PARA LA GIRA DE PRESENTACI\u00d3N DEL NUEVO DISCO DE DANI FLACO <em>\u00abPAR\u00cdS 21\u00bb<\/em>.<\/strong><\/span><\/p>\n<p><span style=\"color: #000000;\"><strong>TEN\u00c9IS TODA LA INFO EN EL APARTADO <a href=\"http:\/\/daniflaco.es\/?page_id=43\">CONCIERTOS<\/a><\/strong><\/span><\/p>\n<p><a href=\"http:\/\/daniflaco.es\/wp-content\/uploads\/2024\/06\/Dani-Flaco-Gira-Paris-21-Stories.jpg\"><img loading=\"lazy\" decoding=\"async\" class=\"alignnone  wp-image-8793\" src=\"http:\/\/daniflaco.es\/wp-content\/uploads\/2024\/06\/Dani-Flaco-Gira-Paris-21-Stories.jpg\" alt=\"\" width=\"665\" height=\"1182\" srcset=\"http:\/\/daniflaco.es\/wp-content\/uploads\/2024\/06\/Dani-Flaco-Gira-Paris-21-Stories.jpg 1080w, http:\/\/daniflaco.es\/wp-content\/uploads\/2024\/06\/Dani-Flaco-Gira-Paris-21-Stories-169x300.jpg 169w, http:\/\/daniflaco.es\/wp-content\/uploads\/2024\/06\/Dani-Flaco-Gira-Paris-21-Stories-576x1024.jpg 576w, http:\/\/daniflaco.es\/wp-content\/uploads\/2024\/06\/Dani-Flaco-Gira-Paris-21-Stories-768x1365.jpg 768w, http:\/\/daniflaco.es\/wp-content\/uploads\/2024\/06\/Dani-Flaco-Gira-Paris-21-Stories-864x1536.jpg 864w\" sizes=\"(max-width: 665px) 100vw, 665px\" \/><\/a><\/p>\n<p><strong><span style=\"color: #000000;\">YA EST\u00c1 DISPONIBLE <em>\u00abLA DEL GRAN VERANO\u00bb<\/em> , SEGUNDO ADELANTO DE<em> PAR\u00cdS 21<\/em>,<\/span><\/strong><\/p>\n<p><strong><span style=\"color: #000000;\">EL NUEVO TRABAJO DE DANI FLACO<\/span><\/strong><\/p>\n<p><iframe loading=\"lazy\" title=\"DANI FLACO - LA DEL GRAN VERANO (VIDEOCLIP OFICIAL)\" width=\"640\" height=\"360\" src=\"https:\/\/www.youtube.com\/embed\/yWUDsQH8FCI?feature=oembed\" frameborder=\"0\" allow=\"accelerometer; autoplay; clipboard-write; encrypted-media; gyroscope; picture-in-picture; web-share\" referrerpolicy=\"strict-origin-when-cross-origin\" allowfullscreen><\/iframe><\/p>\n<p><span style=\"color: #000000;\"><strong>YA PUEDES ESCUCHAR<em> \u00abHEDONISTAS\u00bb<\/em>, PRIMER ADELANTO DE<em> PARIS 21<\/em>, <\/strong><\/span><\/p>\n<p><span style=\"color: #000000;\"><strong>EL NUEVO TRABAJO DE DANI FLACO<\/strong><\/span><\/p>\n<p><iframe loading=\"lazy\" title=\"DANI FLACO - HEDONISTAS (VIDEOCLIP OFICIAL)\" width=\"640\" height=\"360\" src=\"https:\/\/www.youtube.com\/embed\/tpQJDSAxJXo?feature=oembed\" frameborder=\"0\" allow=\"accelerometer; autoplay; clipboard-write; encrypted-media; gyroscope; picture-in-picture; web-share\" referrerpolicy=\"strict-origin-when-cross-origin\" allowfullscreen><\/iframe><\/p>\n<p><span style=\"color: #000000;\"><strong>GIRA 2024<\/strong><\/span><\/p>\n<p><span style=\"color: #000000;\"><strong>ENTRADAS A LA VENTA EN EL APARTADO CONCIERTOS<\/strong><\/span><\/p>\n<figure id=\"attachment_8750\" aria-describedby=\"caption-attachment-8750\" style=\"width: 692px\" class=\"wp-caption alignnone\"><a href=\"http:\/\/daniflaco.es\/wp-content\/uploads\/2024\/04\/HipstamaticPhoto-734862715.344104.jpg\"><img loading=\"lazy\" decoding=\"async\" class=\" wp-image-8750\" src=\"http:\/\/daniflaco.es\/wp-content\/uploads\/2024\/04\/HipstamaticPhoto-734862715.344104.jpg\" alt=\"\" width=\"692\" height=\"865\" srcset=\"http:\/\/daniflaco.es\/wp-content\/uploads\/2024\/04\/HipstamaticPhoto-734862715.344104.jpg 1080w, http:\/\/daniflaco.es\/wp-content\/uploads\/2024\/04\/HipstamaticPhoto-734862715.344104-240x300.jpg 240w, http:\/\/daniflaco.es\/wp-content\/uploads\/2024\/04\/HipstamaticPhoto-734862715.344104-768x960.jpg 768w, http:\/\/daniflaco.es\/wp-content\/uploads\/2024\/04\/HipstamaticPhoto-734862715.344104-819x1024.jpg 819w\" sizes=\"(max-width: 692px) 100vw, 692px\" \/><\/a><figcaption id=\"caption-attachment-8750\" class=\"wp-caption-text\">Processed with MOLDIV<\/figcaption><\/figure>\n<p><a href=\"http:\/\/daniflaco.es\/wp-content\/uploads\/2023\/10\/PHOTO-2023-10-30-12-59-46.jpg\"><img loading=\"lazy\" decoding=\"async\" class=\"alignnone wp-image-8713\" src=\"http:\/\/daniflaco.es\/wp-content\/uploads\/2023\/10\/PHOTO-2023-10-30-12-59-46.jpg\" alt=\"\" width=\"671\" height=\"838\" srcset=\"http:\/\/daniflaco.es\/wp-content\/uploads\/2023\/10\/PHOTO-2023-10-30-12-59-46.jpg 1080w, http:\/\/daniflaco.es\/wp-content\/uploads\/2023\/10\/PHOTO-2023-10-30-12-59-46-240x300.jpg 240w, http:\/\/daniflaco.es\/wp-content\/uploads\/2023\/10\/PHOTO-2023-10-30-12-59-46-768x960.jpg 768w, http:\/\/daniflaco.es\/wp-content\/uploads\/2023\/10\/PHOTO-2023-10-30-12-59-46-819x1024.jpg 819w\" sizes=\"(max-width: 671px) 100vw, 671px\" \/><\/a><\/p>\n<p><span style=\"color: #000000;\"><strong>\u00a1NOTICIA!<\/strong><\/span><\/p>\n<p>\u00a1\u00bbVersos y madera\u00bb de Dani Flaco cantando a d\u00fao con Manolo Garc\u00eda ya suena en Cadena Dial!<\/p>\n<p>Aqu\u00ed ten\u00e9is las <strong>primeras fechas confirmadas<\/strong> para la <strong>segunda parte de la Gira 2022<\/strong><\/p>\n<p>de <strong>Dani Flaco<\/strong>. Toda la info en el apartado\u00a0<a href=\"http:\/\/daniflaco.es\/?page_id=43\"> <strong>\u00abConciertos\u00bb\u00a0<\/strong><\/a>de esta misma web.<\/p>\n<p><a href=\"http:\/\/daniflaco.es\/wp-content\/uploads\/2022\/08\/Gira-1.png\"><img loading=\"lazy\" decoding=\"async\" class=\"alignnone wp-image-8562\" src=\"http:\/\/daniflaco.es\/wp-content\/uploads\/2022\/08\/Gira-1.png\" alt=\"\" width=\"679\" height=\"679\" srcset=\"http:\/\/daniflaco.es\/wp-content\/uploads\/2022\/08\/Gira-1.png 1080w, http:\/\/daniflaco.es\/wp-content\/uploads\/2022\/08\/Gira-1-150x150.png 150w, http:\/\/daniflaco.es\/wp-content\/uploads\/2022\/08\/Gira-1-300x300.png 300w, http:\/\/daniflaco.es\/wp-content\/uploads\/2022\/08\/Gira-1-768x768.png 768w, http:\/\/daniflaco.es\/wp-content\/uploads\/2022\/08\/Gira-1-1024x1024.png 1024w, http:\/\/daniflaco.es\/wp-content\/uploads\/2022\/08\/Gira-1-650x650.png 650w, http:\/\/daniflaco.es\/wp-content\/uploads\/2022\/08\/Gira-1-350x350.png 350w, http:\/\/daniflaco.es\/wp-content\/uploads\/2022\/08\/Gira-1-90x90.png 90w\" sizes=\"(max-width: 679px) 100vw, 679px\" \/><\/a><\/p>\n<p>\u00b7Ya est\u00e1 en marcha la\u00a0<strong>Gira 2022 de Dani Flaco<\/strong>.<\/p>\n<p>Aqu\u00ed ten\u00e9is las <strong>primeras fechas confirmadas<\/strong><\/p>\n<p>y toda la info en el apartado<a href=\"http:\/\/daniflaco.es\/?page_id=43\"> <strong>\u00abConciertos\u00bb\u00a0<\/strong><\/a>de esta misma web.<\/p>\n<p><a href=\"http:\/\/daniflaco.es\/wp-content\/uploads\/2022\/05\/P\u00f3ster-con-letras-amarillas-y-fotograf\u00eda-en-blanco-y-negro-estilo.-Portada-de-moda-noticias-art\u00edculos.-9-2.png\"><img loading=\"lazy\" decoding=\"async\" class=\"alignnone wp-image-8532\" src=\"http:\/\/daniflaco.es\/wp-content\/uploads\/2022\/05\/P\u00f3ster-con-letras-amarillas-y-fotograf\u00eda-en-blanco-y-negro-estilo.-Portada-de-moda-noticias-art\u00edculos.-9-2.png\" alt=\"\" width=\"640\" height=\"905\" srcset=\"http:\/\/daniflaco.es\/wp-content\/uploads\/2022\/05\/P\u00f3ster-con-letras-amarillas-y-fotograf\u00eda-en-blanco-y-negro-estilo.-Portada-de-moda-noticias-art\u00edculos.-9-2.png 1587w, http:\/\/daniflaco.es\/wp-content\/uploads\/2022\/05\/P\u00f3ster-con-letras-amarillas-y-fotograf\u00eda-en-blanco-y-negro-estilo.-Portada-de-moda-noticias-art\u00edculos.-9-2-212x300.png 212w, http:\/\/daniflaco.es\/wp-content\/uploads\/2022\/05\/P\u00f3ster-con-letras-amarillas-y-fotograf\u00eda-en-blanco-y-negro-estilo.-Portada-de-moda-noticias-art\u00edculos.-9-2-768x1086.png 768w, http:\/\/daniflaco.es\/wp-content\/uploads\/2022\/05\/P\u00f3ster-con-letras-amarillas-y-fotograf\u00eda-en-blanco-y-negro-estilo.-Portada-de-moda-noticias-art\u00edculos.-9-2-724x1024.png 724w\" sizes=\"(max-width: 640px) 100vw, 640px\" \/><\/a><\/p>\n<p><strong>\u00abSoledad\u00bb<\/strong> es el nuevo single de <strong>Dani Flaco<\/strong> producido por<strong> Alejo Stivel<\/strong>.<\/p>\n<p>Aqu\u00ed puedes ver el videoclip:<\/p>\n<p><iframe loading=\"lazy\" title=\"DANI FLACO - SOLEDAD\" width=\"640\" height=\"360\" src=\"https:\/\/www.youtube.com\/embed\/e-ZpIh_sAsI?feature=oembed\" frameborder=\"0\" allow=\"accelerometer; autoplay; clipboard-write; encrypted-media; gyroscope; picture-in-picture; web-share\" referrerpolicy=\"strict-origin-when-cross-origin\" allowfullscreen><\/iframe><\/p>\n<p>-Ya est\u00e1 a la venta \u00abAl Alim\u00f3n\u00bb, el 8\u00ba disco de Dani Flaco en el que canta a d\u00fao con<\/p>\n<p><strong>Manolo Garc\u00eda<\/strong>, <strong>\u00c1lvaro Urquijo<\/strong> (Los Secretos), <strong>Santi Balmes<\/strong> (Love of Lesbian),<\/p>\n<p><strong>Rebeca Jim\u00e9nez<\/strong>, <strong>M-Clan<\/strong>, <strong>Andr\u00e9s Su\u00e1rez<\/strong>, <strong>Marc Ros<\/strong> (Sidonie), <strong>Pedro Guerra<\/strong>,<\/p>\n<p><strong>Las Migas<\/strong>, <strong>Ismael Serrano<\/strong> y <strong>Javier Ruibal<\/strong>.<\/p>\n<p><strong><span style=\"color: #ff9900;\">Esc\u00fachalo clickando en la foto:<\/span><\/strong><\/p>\n<p><a href=\"https:\/\/open.spotify.com\/album\/5qNCTmxO0iYpYV2dkvl8gj?si=BnSkMxTcSxa5HtZM-WjYjg\"><img loading=\"lazy\" decoding=\"async\" class=\"alignnone size-full wp-image-8337\" src=\"http:\/\/daniflaco.es\/wp-content\/uploads\/2019\/12\/ep010440_1.jpg\" alt=\"\" width=\"450\" height=\"405\" srcset=\"http:\/\/daniflaco.es\/wp-content\/uploads\/2019\/12\/ep010440_1.jpg 450w, http:\/\/daniflaco.es\/wp-content\/uploads\/2019\/12\/ep010440_1-300x270.jpg 300w\" sizes=\"(max-width: 450px) 100vw, 450px\" \/><\/a><\/p>\n<p><span style=\"color: #ffffff;\"><strong>-El primer single del nuevo disco de Dani Flaco \u00abAl alim\u00f3n\u00bb es <\/strong><\/span><\/p>\n<p><span style=\"color: #ffffff;\"><strong>\u00abVersos y madera\u00bb cantado a d\u00fao con Manolo Garc\u00eda.<\/strong><\/span><\/p>\n<p><span style=\"color: #ffffff;\"><strong>Aqu\u00ed puedes ver el v\u00eddeo:<\/strong><\/span><\/p>\n<p><iframe loading=\"lazy\" title=\"Dani Flaco feat. Manolo Garc\u00eda - Versos y madera (Lyric video oficial)\" width=\"640\" height=\"360\" src=\"https:\/\/www.youtube.com\/embed\/TQrSEsVy35Q?feature=oembed\" frameborder=\"0\" allow=\"accelerometer; autoplay; clipboard-write; encrypted-media; gyroscope; picture-in-picture; web-share\" referrerpolicy=\"strict-origin-when-cross-origin\" allowfullscreen><\/iframe><\/p>\n<p><span style=\"color: #ffffff;\"><strong>-El 19 de Septiembre se public\u00f3 el primer poemario de Dani Flaco <em>Uni-versos silvestres<\/em> <\/strong><\/span><\/p>\n<p><span style=\"color: #ffffff;\"><strong>bajo el sello Aguilar y dentro la colecci\u00f3n Verso y cuento. <\/strong><\/span><\/p>\n<p><span style=\"color: #ffffff;\"><strong>Lo puedes comprar ya en las tiendas habituales.<\/strong><\/span><\/p>\n<p><a href=\"http:\/\/daniflaco.es\/wp-content\/uploads\/2019\/07\/IMG_8002.jpg\"><img loading=\"lazy\" decoding=\"async\" class=\"alignnone wp-image-8250\" src=\"http:\/\/daniflaco.es\/wp-content\/uploads\/2019\/07\/IMG_8002.jpg\" alt=\"\" width=\"338\" height=\"495\" srcset=\"http:\/\/daniflaco.es\/wp-content\/uploads\/2019\/07\/IMG_8002.jpg 598w, http:\/\/daniflaco.es\/wp-content\/uploads\/2019\/07\/IMG_8002-205x300.jpg 205w\" sizes=\"(max-width: 338px) 100vw, 338px\" \/><\/a><\/p>\n<p><span style=\"color: #999999;\"><strong><span style=\"color: #ffffff;\">-\u00a1En Octubre<\/span>\u00a0<span style=\"color: #ff9900;\">NUEVO DISCO<\/span> <span style=\"color: #ffffff;\">titulado<\/span> <span style=\"color: #ff9900;\"><em>Al alim\u00f3n<\/em><\/span><span style=\"color: #ffffff;\">!<\/span><\/strong><\/span><\/p>\n<p><a href=\"http:\/\/daniflaco.es\/?page_id=43\">Pr\u00f3ximos Conciertos\u00a0<\/a><\/p>\n","protected":false},"excerpt":{"rendered":"<p>DANI FLACO CELEBRA LOS 20 A\u00d1OS DE LA PUBLICACI\u00d3N DE SU PRIMER DISCO \u00abSALIDA DE EMERGENCIA\u00bb CON UNA GIRA CONMEMORATIVA. NO TE LA PIERDAS. TODAS LAS FECHAS Y ENTRADAS EN LA PESTA\u00d1A \u00abCONCIERTOS\u00bb. YA HA VISTO LA LUZ \u00abPAR\u00cdS 21\u00bb, EL 9\u00ba TRABAJO DISCOGR\u00c1FICO DE DANI FLACO. ESC\u00daCHALO PINCHANDO EN LA FOTO DE LA PORTADA [&hellip;]<\/p>\n","protected":false},"author":1,"featured_media":0,"parent":0,"menu_order":0,"comment_status":"closed","ping_status":"closed","template":"page-templates\/full-width-page.php","meta":{"footnotes":""},"_links":{"self":[{"href":"http:\/\/daniflaco.es\/index.php?rest_route=\/wp\/v2\/pages\/62"}],"collection":[{"href":"http:\/\/daniflaco.es\/index.php?rest_route=\/wp\/v2\/pages"}],"about":[{"href":"http:\/\/daniflaco.es\/index.php?rest_route=\/wp\/v2\/types\/page"}],"author":[{"embeddable":true,"href":"http:\/\/daniflaco.es\/index.php?rest_route=\/wp\/v2\/users\/1"}],"replies":[{"embeddable":true,"href":"http:\/\/daniflaco.es\/index.php?rest_route=%2Fwp%2Fv2%2Fcomments&post=62"}],"version-history":[{"count":84,"href":"http:\/\/daniflaco.es\/index.php?rest_route=\/wp\/v2\/pages\/62\/revisions"}],"predecessor-version":[{"id":8905,"href":"http:\/\/daniflaco.es\/index.php?rest_route=\/wp\/v2\/pages\/62\/revisions\/8905"}],"wp:attachment":[{"href":"http:\/\/daniflaco.es\/index.php?rest_route=%2Fwp%2Fv2%2Fmedia&parent=62"}],"curies":[{"name":"wp","href":"https:\/\/api.w.org\/{rel}","templated":true}]}}