{"id":47,"date":"2017-09-06T23:27:56","date_gmt":"2017-09-06T21:27:56","guid":{"rendered":"http:\/\/daniflaco.es\/?page_id=47"},"modified":"2024-10-23T11:14:43","modified_gmt":"2024-10-23T09:14:43","slug":"videos","status":"publish","type":"page","link":"http:\/\/daniflaco.es\/?page_id=47","title":{"rendered":"V\u00cdDEOS"},"content":{"rendered":"<ul>\n<li><a href=\"https:\/\/www.youtube.com\/watch?v=Db2bfj_FPIA\">Bailemos un bis feat. Coti<\/a><\/li>\n<li><a href=\"https:\/\/www.youtube.com\/watch?v=yWUDsQH8FCI\">La del gran verano<\/a><\/li>\n<li><a href=\"https:\/\/www.youtube.com\/watch?v=tpQJDSAxJXo\">Hedonistas<\/a><\/li>\n<li><a href=\"https:\/\/www.youtube.com\/watch?v=r_ESoNvEVas\">La \u00daltima Vez feat. MClan<\/a><\/li>\n<li><a href=\"https:\/\/www.youtube.com\/watch?v=F719jyyYZ_o\">Fuego Malabar<\/a><\/li>\n<li><a href=\"https:\/\/youtu.be\/e-ZpIh_sAsI\">Soledad<\/a><\/li>\n<li><a href=\"https:\/\/youtu.be\/O3UBGvmqdXg\">Fiesta de Pijamas feat. Santi Balmes<\/a><\/li>\n<li><a href=\"https:\/\/youtu.be\/TQrSEsVy35Q\">Versos y Madera feat. Manolo Garc\u00eda<\/a><\/li>\n<li><a href=\"http:\/\/daniflaco.es\/?p=128\">La verbena de su piel<\/a><\/li>\n<li><a href=\"http:\/\/daniflaco.es\/?p=7904\">Coraz\u00f3n en Bancarrota<\/a><\/li>\n<li><a href=\"http:\/\/daniflaco.es\/?p=126\">Ni se te ocurra<\/a><\/li>\n<li><a href=\"http:\/\/daniflaco.es\/?p=7579\">Nomeolvides<\/a><\/li>\n<li><a href=\"http:\/\/daniflaco.es\/?p=122\">De quicio<\/a><\/li>\n<li><a href=\"http:\/\/daniflaco.es\/?p=7774\">Lleg\u00f3 la primavera<\/a><\/li>\n<li><a href=\"http:\/\/daniflaco.es\/?p=7777\">Esa hora<\/a><\/li>\n<li><a href=\"http:\/\/daniflaco.es\/?p=116\">La ley del \u00faltimo trago<\/a><\/li>\n<li><a href=\"http:\/\/daniflaco.es\/?p=114\">Que tinguem sort<\/a><\/li>\n<li><a href=\"http:\/\/daniflaco.es\/?p=112\">Desapareci\u00f3<\/a><\/li>\n<li><a href=\"http:\/\/daniflaco.es\/?p=108\">Apaga y v\u00e1monos<\/a><\/li>\n<li><a href=\"http:\/\/daniflaco.es\/?p=99\">Salida de emergencia<\/a><\/li>\n<\/ul>\n","protected":false},"excerpt":{"rendered":"<p>Bailemos un bis feat. Coti La del gran verano Hedonistas La \u00daltima Vez feat. MClan Fuego Malabar Soledad Fiesta de Pijamas feat. Santi Balmes Versos y Madera feat. Manolo Garc\u00eda La verbena de su piel Coraz\u00f3n en Bancarrota Ni se te ocurra Nomeolvides De quicio Lleg\u00f3 la primavera Esa hora La ley del \u00faltimo trago [&hellip;]<\/p>\n","protected":false},"author":1,"featured_media":0,"parent":0,"menu_order":5,"comment_status":"closed","ping_status":"closed","template":"page-templates\/full-width-page.php","meta":{"footnotes":""},"_links":{"self":[{"href":"http:\/\/daniflaco.es\/index.php?rest_route=\/wp\/v2\/pages\/47"}],"collection":[{"href":"http:\/\/daniflaco.es\/index.php?rest_route=\/wp\/v2\/pages"}],"about":[{"href":"http:\/\/daniflaco.es\/index.php?rest_route=\/wp\/v2\/types\/page"}],"author":[{"embeddable":true,"href":"http:\/\/daniflaco.es\/index.php?rest_route=\/wp\/v2\/users\/1"}],"replies":[{"embeddable":true,"href":"http:\/\/daniflaco.es\/index.php?rest_route=%2Fwp%2Fv2%2Fcomments&post=47"}],"version-history":[{"count":25,"href":"http:\/\/daniflaco.es\/index.php?rest_route=\/wp\/v2\/pages\/47\/revisions"}],"predecessor-version":[{"id":8824,"href":"http:\/\/daniflaco.es\/index.php?rest_route=\/wp\/v2\/pages\/47\/revisions\/8824"}],"wp:attachment":[{"href":"http:\/\/daniflaco.es\/index.php?rest_route=%2Fwp%2Fv2%2Fmedia&parent=47"}],"curies":[{"name":"wp","href":"https:\/\/api.w.org\/{rel}","templated":true}]}}